{"id":2814,"date":"2020-04-14T09:26:22","date_gmt":"2020-04-14T07:26:22","guid":{"rendered":"https:\/\/www.tkreher.de\/kaffanero\/?page_id=2814"},"modified":"2022-07-21T09:57:36","modified_gmt":"2022-07-21T07:57:36","slug":"kinderfeuerwehr","status":"publish","type":"page","link":"https:\/\/zusammenhalt-feuerwehr.de\/einfache-sprache\/kinderfeuerwehr\/","title":{"rendered":"Kinder-Feuerwehr"},"content":{"rendered":"<div class=\"fusion-fullwidth fullwidth-box fusion-builder-row-1 nonhundred-percent-fullwidth non-hundred-percent-height-scrolling\" style=\"background-color: #ffffff;background-position: center center;background-repeat: no-repeat;padding-top:0px;padding-right:0px;padding-bottom:0px;padding-left:0px;margin-bottom: 0px;margin-top: 0px;border-width: 0px 0px 0px 0px;border-color:#eae9e9;border-style:solid;\" ><div class=\"fusion-builder-row fusion-row\"><div class=\"fusion-layout-column fusion_builder_column fusion-builder-column-0 fusion_builder_column_1_1 1_1 fusion-one-full fusion-column-first fusion-column-last\" style=\"margin-top:0px;margin-bottom:20px;\"><div class=\"fusion-column-wrapper fusion-flex-column-wrapper-legacy\" style=\"background-position:left top;background-repeat:no-repeat;-webkit-background-size:cover;-moz-background-size:cover;-o-background-size:cover;background-size:cover;padding: 0px 0px 0px 0px;\"><div class=\"fusion-text fusion-text-1 fusion-animated\" data-animationtype=\"fadeInUp\" data-animationduration=\"1.0\" data-animationoffset=\"top-into-view\"><h1>Kinder-Feuerwehr<\/h1>\n<p>Viele Kinder m\u00f6chten Feuerwehr-Mann oder Feuerwehr-Frau werden.<br>\nKinder k\u00f6nnen in der Feuerwehr mitmachen. <br>\nEs gibt eine spezielle Feuerwehr f\u00fcr Kinder. <br>\nDie spezielle Feuerwehr hei\u00dft: <br>\nKinder-Feuerwehr. <br> <img decoding=\"async\" class=\"wp-image-3352 size-fusion-600 aligncenter\" src=\"https:\/\/zusammenhalt-feuerwehr.de\/wp-content\/uploads\/2021\/05\/Kinder2-1200x846-1-600x423.jpg\" alt=\"\" width=\"600\" height=\"423\" srcset=\"https:\/\/zusammenhalt-feuerwehr.de\/wp-content\/uploads\/2021\/05\/Kinder2-1200x846-1-200x141.jpg 200w, https:\/\/zusammenhalt-feuerwehr.de\/wp-content\/uploads\/2021\/05\/Kinder2-1200x846-1-300x212.jpg 300w, https:\/\/zusammenhalt-feuerwehr.de\/wp-content\/uploads\/2021\/05\/Kinder2-1200x846-1-400x282.jpg 400w, https:\/\/zusammenhalt-feuerwehr.de\/wp-content\/uploads\/2021\/05\/Kinder2-1200x846-1-600x423.jpg 600w, https:\/\/zusammenhalt-feuerwehr.de\/wp-content\/uploads\/2021\/05\/Kinder2-1200x846-1-768x541.jpg 768w, https:\/\/zusammenhalt-feuerwehr.de\/wp-content\/uploads\/2021\/05\/Kinder2-1200x846-1-800x564.jpg 800w, https:\/\/zusammenhalt-feuerwehr.de\/wp-content\/uploads\/2021\/05\/Kinder2-1200x846-1-1024x722.jpg 1024w, https:\/\/zusammenhalt-feuerwehr.de\/wp-content\/uploads\/2021\/05\/Kinder2-1200x846-1.jpg 1200w\" sizes=\"(max-width: 600px) 100vw, 600px\" \/>In der Kinder-Feuerwehr lernen Kinder die Arbeit<strong>Kinder-Feuerwehr<\/strong>Die Kinder k\u00f6nnen dann sp\u00e4ter bei der Feuerwehr f\u00fcr Erwachsene mitmachen. <\/br>\u00a0<strong>Die Kinder in der Kinder-Feuerwehr sind zwischen 5 und 7 Jahren alt. <br><\/strong> Du kannst auch mitmachen. <br> <strong>Du lernst in der Kinder-Feuerwehr viele Dinge. <br>\u00a0<\/strong> Du lernst: <br>\u00a0<strong>Wie ruft man die Feuerwehr an?<br><\/strong>Welche Aufgaben haben die Menschen bei der Feuerwehr?<br>\u00a0<strong>Du lernst auch viele andere Dinge bei der Kinder-Feuerwehr. <br><\/strong>\u00a0Es gibt bestimmt eine Kinder-Feuerwehr in Deinem Wohn-Ort. <br>Du kannst bei der Kinder-Feuerwehr in Deinem Wohn-Ort mitmachen. <br>\u00a0<strong>Du kannst die Kinder-Feuerwehr in Deinem Wohn-Ort fragen: <br>\nWie kann ich mitmachen? <br><\/strong> Es gibt eine Internet-Seite mit vielen Informationen zur Feuerwehr. <br>Die Internet-Seite hei\u00dft: <br> <a href=\"https.\/\/feuerwehr-1.de &lt;br&gt;\" target=\"_blank\" rel=\"noopener noreferrer\">https.\/\/feuerwehr-1.de <br><\/a> Du kannst die Internet-Seite besuchen und viele Informationen finden.<\/p>\n<p><strong>Kontakt:<\/strong><\/p>\n<p>Jugendfeuerwehrsachsen<br \/>\nim Landesfeuerwehrverband Sachsen e.V.<br \/>\nWiener Stra\u00dfe 146<br \/>\n01219 Dresden<br \/>\nTelefon: 0351-25 09 38 04<br \/>\nTelefax: 0351-25 09 38 09<br \/>\nE-Mail: <a href=\"mailto:geschaeftsstelle@jf-sachsen.de\">geschaeftsstelle@jf-sachsen.de <\/a><\/p>\n<\/div><div class=\"fusion-clearfix\"><\/div><\/div><\/div><\/div><\/div>","protected":false},"excerpt":{"rendered":"","protected":false},"author":11,"featured_media":0,"parent":0,"menu_order":0,"comment_status":"closed","ping_status":"closed","template":"","meta":{"footnotes":""},"_links":{"self":[{"href":"https:\/\/zusammenhalt-feuerwehr.de\/einfache-sprache\/wp-json\/wp\/v2\/pages\/2814"}],"collection":[{"href":"https:\/\/zusammenhalt-feuerwehr.de\/einfache-sprache\/wp-json\/wp\/v2\/pages"}],"about":[{"href":"https:\/\/zusammenhalt-feuerwehr.de\/einfache-sprache\/wp-json\/wp\/v2\/types\/page"}],"author":[{"embeddable":true,"href":"https:\/\/zusammenhalt-feuerwehr.de\/einfache-sprache\/wp-json\/wp\/v2\/users\/11"}],"replies":[{"embeddable":true,"href":"https:\/\/zusammenhalt-feuerwehr.de\/einfache-sprache\/wp-json\/wp\/v2\/comments?post=2814"}],"version-history":[{"count":5,"href":"https:\/\/zusammenhalt-feuerwehr.de\/einfache-sprache\/wp-json\/wp\/v2\/pages\/2814\/revisions"}],"predecessor-version":[{"id":4496,"href":"https:\/\/zusammenhalt-feuerwehr.de\/einfache-sprache\/wp-json\/wp\/v2\/pages\/2814\/revisions\/4496"}],"wp:attachment":[{"href":"https:\/\/zusammenhalt-feuerwehr.de\/einfache-sprache\/wp-json\/wp\/v2\/media?parent=2814"}],"curies":[{"name":"wp","href":"https:\/\/api.w.org\/{rel}","templated":true}]}}