{"id":3910,"date":"2021-12-17T13:18:43","date_gmt":"2021-12-17T12:18:43","guid":{"rendered":"https:\/\/zusammenhalt-feuerwehr.de\/?page_id=3910"},"modified":"2026-02-18T15:01:57","modified_gmt":"2026-02-18T14:01:57","slug":"aspekt112-downloads","status":"publish","type":"page","link":"https:\/\/zusammenhalt-feuerwehr.de\/einfache-sprache\/aspekt112-downloads\/","title":{"rendered":"Downloads &#038; Links"},"content":{"rendered":"<div class=\"fusion-fullwidth fullwidth-box fusion-builder-row-1 nonhundred-percent-fullwidth non-hundred-percent-height-scrolling\" style=\"background-color: #ffffff;background-position: center center;background-repeat: no-repeat;padding-top:0px;padding-right:0px;padding-bottom:0px;padding-left:0px;margin-bottom: 0px;margin-top: 0px;border-width: 0px 0px 0px 0px;border-color:#eae9e9;border-style:solid;\" ><div class=\"fusion-builder-row fusion-row\"><div class=\"fusion-layout-column fusion_builder_column fusion-builder-column-0 fusion_builder_column_1_1 1_1 fusion-one-full fusion-column-first fusion-column-last\" style=\"margin-top:0px;margin-bottom:0px;\"><div class=\"fusion-column-wrapper fusion-flex-column-wrapper-legacy\" style=\"background-position:left top;background-repeat:no-repeat;-webkit-background-size:cover;-moz-background-size:cover;-o-background-size:cover;background-size:cover;padding: 0px 0px 0px 0px;\"><div class=\"fusion-text fusion-text-1\"><p><a href=\"https:\/\/zusammenhalt-feuerwehr.de\/wp-content\/uploads\/2026\/02\/Das-sieht-verboten-aus-flyerpirna_aktuell-1.pdf\">Das sieht verboten aus! flyerpirna_aktuell<\/a><img decoding=\"async\" class=\"wp-image-5109 alignleft\" src=\"https:\/\/zusammenhalt-feuerwehr.de\/wp-content\/uploads\/2026\/02\/Screenshot-2026-02-18-144825.png\" alt=\"\" width=\"49\" height=\"70\" srcset=\"https:\/\/zusammenhalt-feuerwehr.de\/wp-content\/uploads\/2026\/02\/Screenshot-2026-02-18-144825-9x12.png 9w, https:\/\/zusammenhalt-feuerwehr.de\/wp-content\/uploads\/2026\/02\/Screenshot-2026-02-18-144825.png 102w\" sizes=\"(max-width: 49px) 100vw, 49px\" \/><\/p>\n<p><a href=\"https:\/\/zusammenhalt-feuerwehr.de\/wp-content\/uploads\/2023\/06\/Handbuch_OFFEN_2019_online.pdf\"><img decoding=\"async\" class=\"alignnone wp-image-4836\" src=\"https:\/\/zusammenhalt-feuerwehr.de\/wp-content\/uploads\/2023\/06\/3_Handbuch_OFFEN_2019_online1024_1_gross-212x300.jpg\" alt=\"\" width=\"55\" height=\"78\" srcset=\"https:\/\/zusammenhalt-feuerwehr.de\/wp-content\/uploads\/2023\/06\/3_Handbuch_OFFEN_2019_online1024_1_gross-8x12.jpg 8w, https:\/\/zusammenhalt-feuerwehr.de\/wp-content\/uploads\/2023\/06\/3_Handbuch_OFFEN_2019_online1024_1_gross-200x283.jpg 200w, https:\/\/zusammenhalt-feuerwehr.de\/wp-content\/uploads\/2023\/06\/3_Handbuch_OFFEN_2019_online1024_1_gross-212x300.jpg 212w, https:\/\/zusammenhalt-feuerwehr.de\/wp-content\/uploads\/2023\/06\/3_Handbuch_OFFEN_2019_online1024_1_gross-400x566.jpg 400w, https:\/\/zusammenhalt-feuerwehr.de\/wp-content\/uploads\/2023\/06\/3_Handbuch_OFFEN_2019_online1024_1_gross-600x849.jpg 600w, https:\/\/zusammenhalt-feuerwehr.de\/wp-content\/uploads\/2023\/06\/3_Handbuch_OFFEN_2019_online1024_1_gross-724x1024.jpg 724w, https:\/\/zusammenhalt-feuerwehr.de\/wp-content\/uploads\/2023\/06\/3_Handbuch_OFFEN_2019_online1024_1_gross-768x1086.jpg 768w, https:\/\/zusammenhalt-feuerwehr.de\/wp-content\/uploads\/2023\/06\/3_Handbuch_OFFEN_2019_online1024_1_gross-800x1132.jpg 800w, https:\/\/zusammenhalt-feuerwehr.de\/wp-content\/uploads\/2023\/06\/3_Handbuch_OFFEN_2019_online1024_1_gross-1086x1536.jpg 1086w, https:\/\/zusammenhalt-feuerwehr.de\/wp-content\/uploads\/2023\/06\/3_Handbuch_OFFEN_2019_online1024_1_gross-1200x1697.jpg 1200w, https:\/\/zusammenhalt-feuerwehr.de\/wp-content\/uploads\/2023\/06\/3_Handbuch_OFFEN_2019_online1024_1_gross-1448x2048.jpg 1448w, https:\/\/zusammenhalt-feuerwehr.de\/wp-content\/uploads\/2023\/06\/3_Handbuch_OFFEN_2019_online1024_1_gross-scaled.jpg 1810w\" sizes=\"(max-width: 55px) 100vw, 55px\" \/>\u00a0 \u00a0OFFEN &#8211; Handbuch interkulturelle Kompetenz in der Feuerwehr<\/a><\/p>\n<p><img decoding=\"async\" class=\"alignnone wp-image-4838\" src=\"https:\/\/zusammenhalt-feuerwehr.de\/wp-content\/uploads\/2023\/06\/Screenshot-2023-06-16-135155-300x209.png\" alt=\"\" width=\"80\" height=\"56\" srcset=\"https:\/\/zusammenhalt-feuerwehr.de\/wp-content\/uploads\/2023\/06\/Screenshot-2023-06-16-135155-18x12.png 18w, https:\/\/zusammenhalt-feuerwehr.de\/wp-content\/uploads\/2023\/06\/Screenshot-2023-06-16-135155-200x139.png 200w, https:\/\/zusammenhalt-feuerwehr.de\/wp-content\/uploads\/2023\/06\/Screenshot-2023-06-16-135155-300x214.png 300w, https:\/\/zusammenhalt-feuerwehr.de\/wp-content\/uploads\/2023\/06\/Screenshot-2023-06-16-135155-400x278.png 400w, https:\/\/zusammenhalt-feuerwehr.de\/wp-content\/uploads\/2023\/06\/Screenshot-2023-06-16-135155.png 411w\" sizes=\"(max-width: 80px) 100vw, 80px\" \/>\u00a0<a href=\"https:\/\/zusammenhalt-feuerwehr.de\/wp-content\/uploads\/2023\/06\/Klappkarte_Downloadversion.pdf\"> Klappkarte &#8222;Sprachlos &#8211; Erste Hilfe und Sofortma\u00dfnahmen bei Reaktionsstillstand&#8220;<\/a><\/p>\n<p><a href=\"https:\/\/zusammenhalt-feuerwehr.de\/wp-content\/uploads\/2021\/12\/10_Tipps_Onlineveranstaltungen.pdf\"><img decoding=\"async\" class=\"alignnone wp-image-3932\" src=\"https:\/\/zusammenhalt-feuerwehr.de\/wp-content\/uploads\/2021\/12\/Screenshot-2021-12-17-153531-300x285.jpg\" alt=\"\" width=\"57\" height=\"54\" srcset=\"https:\/\/zusammenhalt-feuerwehr.de\/wp-content\/uploads\/2021\/12\/Screenshot-2021-12-17-153531-200x190.jpg 200w, https:\/\/zusammenhalt-feuerwehr.de\/wp-content\/uploads\/2021\/12\/Screenshot-2021-12-17-153531-300x285.jpg 300w, https:\/\/zusammenhalt-feuerwehr.de\/wp-content\/uploads\/2021\/12\/Screenshot-2021-12-17-153531.jpg 375w\" sizes=\"(max-width: 57px) 100vw, 57px\" \/><\/a>\u00a0 <a href=\"https:\/\/zusammenhalt-feuerwehr.de\/wp-content\/uploads\/2021\/12\/10_Tipps_Onlineveranstaltungen.pdf\" target=\"_blank\" rel=\"noopener\">10 Tipps f\u00fcr deine Online-Veranstaltung<\/a><\/p>\n<p><a href=\"https:\/\/zusammenhalt-feuerwehr.de\/wp-content\/uploads\/2021\/12\/Feuerwehrgebaerden_2.pdf\"><img decoding=\"async\" class=\"alignnone wp-image-3934\" src=\"https:\/\/zusammenhalt-feuerwehr.de\/wp-content\/uploads\/2021\/12\/Hilfe.jpg\" alt=\"\" width=\"56\" height=\"54\" srcset=\"https:\/\/zusammenhalt-feuerwehr.de\/wp-content\/uploads\/2021\/12\/Hilfe-200x196.jpg 200w, https:\/\/zusammenhalt-feuerwehr.de\/wp-content\/uploads\/2021\/12\/Hilfe.jpg 202w\" sizes=\"(max-width: 56px) 100vw, 56px\" \/><\/a> \u00a0 <a href=\"https:\/\/zusammenhalt-feuerwehr.de\/wp-content\/uploads\/2021\/12\/Feuerwehrgebaerden_2.pdf\" target=\"_blank\" rel=\"noopener\">Geh\u00f6rlosengeb\u00e4rden f\u00fcr die Feuerwehr<\/a><\/p>\n<p><a href=\"https:\/\/zusammenhalt-feuerwehr.de\/wp-content\/uploads\/2022\/04\/Handzettel_Multiplikator_in.pdf\"><img decoding=\"async\" class=\"alignnone wp-image-4232\" src=\"https:\/\/zusammenhalt-feuerwehr.de\/wp-content\/uploads\/2022\/03\/Handzettel_Multiplikator_in.png\" alt=\"\" width=\"57\" height=\"40\" srcset=\"https:\/\/zusammenhalt-feuerwehr.de\/wp-content\/uploads\/2022\/03\/Handzettel_Multiplikator_in-200x141.png 200w, https:\/\/zusammenhalt-feuerwehr.de\/wp-content\/uploads\/2022\/03\/Handzettel_Multiplikator_in-300x214.png 300w, https:\/\/zusammenhalt-feuerwehr.de\/wp-content\/uploads\/2022\/03\/Handzettel_Multiplikator_in-400x282.png 400w, https:\/\/zusammenhalt-feuerwehr.de\/wp-content\/uploads\/2022\/03\/Handzettel_Multiplikator_in-600x423.png 600w, https:\/\/zusammenhalt-feuerwehr.de\/wp-content\/uploads\/2022\/03\/Handzettel_Multiplikator_in.png 647w\" sizes=\"(max-width: 57px) 100vw, 57px\" \/><\/a>\u00a0 <a href=\"https:\/\/zusammenhalt-feuerwehr.de\/wp-content\/uploads\/2022\/04\/Handzettel_Multiplikator_in.pdf\" target=\"_blank\" rel=\"noopener\">Flyer zur Multiplikator:innenausbildung<\/a><\/p>\n<p><a href=\"https:\/\/zusammenhalt-feuerwehr.de\/wp-content\/uploads\/2022\/06\/Faltblatt_Ausbildung_Konfliktberater_0_3.pdf\"><img decoding=\"async\" class=\"alignnone wp-image-4391\" src=\"https:\/\/zusammenhalt-feuerwehr.de\/wp-content\/uploads\/2022\/06\/Icon_Flyer_Beratungsausbildung-300x213.jpg\" alt=\"\" width=\"60\" height=\"43\" \/> <\/a><a href=\"https:\/\/zusammenhalt-feuerwehr.de\/wp-content\/uploads\/2022\/06\/Faltblatt_Ausbildung_Konfliktberater_0_3.pdf\" target=\"_blank\" rel=\"noopener\">Flyer zur Beratungsausbildung<\/a><\/p>\n<p><a href=\"https:\/\/zusammenhalt-feuerwehr.de\/wp-content\/uploads\/2022\/03\/Sirenensignale_mehrsprachig_1_0.pdf\"><img decoding=\"async\" class=\"alignnone wp-image-4265\" src=\"https:\/\/zusammenhalt-feuerwehr.de\/wp-content\/uploads\/2022\/03\/Sirenensignale_bild-208x300.jpg\" alt=\"\" width=\"50\" height=\"72\" srcset=\"https:\/\/zusammenhalt-feuerwehr.de\/wp-content\/uploads\/2022\/03\/Sirenensignale_bild-200x288.jpg 200w, https:\/\/zusammenhalt-feuerwehr.de\/wp-content\/uploads\/2022\/03\/Sirenensignale_bild-208x300.jpg 208w, https:\/\/zusammenhalt-feuerwehr.de\/wp-content\/uploads\/2022\/03\/Sirenensignale_bild.jpg 366w\" sizes=\"(max-width: 50px) 100vw, 50px\" \/><\/a>\u00a0 <a href=\"https:\/\/zusammenhalt-feuerwehr.de\/wp-content\/uploads\/2022\/03\/Sirenensignale_mehrsprachig_1_0.pdf\">Plakat A3 Sirenensignale in Sachsen mehrsprachig (Deu, Eng, Ukr, Rus)<\/a><\/p>\n<ul>\n<li><a href=\"https:\/\/www.feuerwehrverband.de\/app\/uploads\/2023\/05\/Handreichung2023_RZ_Druck_3mm.pdf\">Handreichung des Deutschen Feuerwehrverbandes: &#8222;Weiter gemeinsam voran &#8211; Praxistipps f\u00fcr den interkulturellen Dialog im Feuerwehralltag&#8220;\u00a0<\/a><\/li>\n<\/ul>\n<ul>\n<li><a href=\"https:\/\/www.feuerwehrverband.de\/app\/uploads\/2020\/05\/Integration_Schulungsmaterial.pdf\">Schulungsmaterial des Deutschen Feuerwehrverbandes: &#8222;Deine Feuerwehr &#8211; Unsere Feuerwehr! F\u00fcr ein offenes Miteinander&#8220; Interkultureller Dialog und Konfliktmanagement\u00a0<\/a><\/li>\n<li><a href=\"https:\/\/www.feuerwehrverband.de\/app\/uploads\/2020\/05\/Integration_DFUF-Handreichung.pdf\">Handreichung des Deutschen Feuerwehrverbandes zur interkulturellen \u00d6ffnung: &#8222;Einsatz braucht Vielfalt &#8211; Vielfalt braucht Einsatz&#8220;<\/a><\/li>\n<li><a href=\"https:\/\/www.feuerwehrverband.de\/app\/uploads\/2020\/05\/Integration_Brueckenbauen.pdf\">Handreichung des Deutschen Feuerwehrverbands zum interkulturellen Dialog f\u00fcr Feuerwehren: &#8222;Miteinander Br\u00fccken bauen &#8211; Praxistipps f\u00fcr den interkulturellen Dialog im Feuerwehralltag&#8220;<\/a><\/li>\n<li><a href=\"https:\/\/www.jugendfeuerwehr.de\/fileadmin\/user_upload\/DJF\/Download\/Demokratie\/Praxishandbuch_Demokratie_in_der_Feuerwehr.pdf\">Praxishandbuch Demokratie der Deutschen Jugendfeuerwehr<\/a><\/li>\n<li><a href=\"https:\/\/www.feuerwehrverband.de\/fachliches\/ak\/ak-fif\/\">Informationen und Materialien des Arbeitskreises &#8218;Fairness im Fokus&#8216; des Deutschen Feuerwehrverbandes<\/a><\/li>\n<\/ul>\n<\/div><div class=\"fusion-clearfix\"><\/div><\/div><\/div><\/div><\/div>","protected":false},"excerpt":{"rendered":"","protected":false},"author":11,"featured_media":0,"parent":0,"menu_order":0,"comment_status":"closed","ping_status":"closed","template":"","meta":{"footnotes":""},"_links":{"self":[{"href":"https:\/\/zusammenhalt-feuerwehr.de\/einfache-sprache\/wp-json\/wp\/v2\/pages\/3910"}],"collection":[{"href":"https:\/\/zusammenhalt-feuerwehr.de\/einfache-sprache\/wp-json\/wp\/v2\/pages"}],"about":[{"href":"https:\/\/zusammenhalt-feuerwehr.de\/einfache-sprache\/wp-json\/wp\/v2\/types\/page"}],"author":[{"embeddable":true,"href":"https:\/\/zusammenhalt-feuerwehr.de\/einfache-sprache\/wp-json\/wp\/v2\/users\/11"}],"replies":[{"embeddable":true,"href":"https:\/\/zusammenhalt-feuerwehr.de\/einfache-sprache\/wp-json\/wp\/v2\/comments?post=3910"}],"version-history":[{"count":5,"href":"https:\/\/zusammenhalt-feuerwehr.de\/einfache-sprache\/wp-json\/wp\/v2\/pages\/3910\/revisions"}],"predecessor-version":[{"id":5111,"href":"https:\/\/zusammenhalt-feuerwehr.de\/einfache-sprache\/wp-json\/wp\/v2\/pages\/3910\/revisions\/5111"}],"wp:attachment":[{"href":"https:\/\/zusammenhalt-feuerwehr.de\/einfache-sprache\/wp-json\/wp\/v2\/media?parent=3910"}],"curies":[{"name":"wp","href":"https:\/\/api.w.org\/{rel}","templated":true}]}}