{"id":4546,"date":"2022-08-26T08:40:47","date_gmt":"2022-08-26T06:40:47","guid":{"rendered":"https:\/\/zusammenhalt-feuerwehr.de\/?page_id=4546"},"modified":"2025-01-10T16:13:53","modified_gmt":"2025-01-10T15:13:53","slug":"geht-das-klar","status":"publish","type":"page","link":"https:\/\/zusammenhalt-feuerwehr.de\/einfache-sprache\/geht-das-klar\/","title":{"rendered":"Ist das schon Mobbing?"},"content":{"rendered":"<div class=\"fusion-fullwidth fullwidth-box fusion-builder-row-1 fusion-flex-container nonhundred-percent-fullwidth non-hundred-percent-height-scrolling\" style=\"background-color: #ffffff;background-position: center center;background-repeat: no-repeat;border-width: 0px 0px 0px 0px;border-color:#eae9e9;border-style:solid;\" ><div class=\"fusion-builder-row fusion-row fusion-flex-align-items-flex-start\" style=\"max-width:1144px;margin-left: calc(-4% \/ 2 );margin-right: calc(-4% \/ 2 );\"><div class=\"fusion-layout-column fusion_builder_column fusion-builder-column-0 fusion_builder_column_1_1 1_1 fusion-flex-column\"><div class=\"fusion-column-wrapper fusion-flex-justify-content-flex-start fusion-content-layout-column\" style=\"background-position:left top;background-repeat:no-repeat;-webkit-background-size:cover;-moz-background-size:cover;-o-background-size:cover;background-size:cover;padding: 0px 0px 0px 0px;\"><style type=\"text\/css\">@media only screen and (max-width:1024px) {.fusion-title.fusion-title-1{margin-top:10px!important; margin-right:!important;margin-bottom:15px!important;margin-left:!important;}}@media only screen and (max-width:640px) {.fusion-title.fusion-title-1{margin-top:10px!important; margin-right:!important;margin-bottom:10px!important; margin-left:!important;}}<\/style><div class=\"fusion-title title fusion-title-1 fusion-title-text fusion-title-size-one\" style=\"margin-top:10px;margin-bottom:15px;\"><div class=\"title-sep-container title-sep-container-left fusion-no-large-visibility fusion-no-medium-visibility fusion-no-small-visibility\"><div class=\"title-sep sep-double sep-solid\" style=\"border-color:#e0dede;\"><\/div><\/div><span class=\"awb-title-spacer fusion-no-large-visibility fusion-no-medium-visibility fusion-no-small-visibility\"><\/span><h1 class=\"title-heading-left\" style=\"margin:0;\"><p style=\"text-align: center;\">Ist das schon Mobbing?<\/p><\/h1><span class=\"awb-title-spacer\"><\/span><div class=\"title-sep-container title-sep-container-right\"><div class=\"title-sep sep-double sep-solid\" style=\"border-color:#e0dede;\"><\/div><\/div><\/div><div class=\"fusion-text fusion-text-1\"><p>Tendenziell ungerechte Behandlung oder gar Mobbing oder Diskriminierung sind oft nicht leicht zu erkennen. Die Grenze zwischen einem rohen Spa\u00df und einer handfesten Diskriminierung ist recht d\u00fcnn. Und jede und jeder kann betroffen sein, egal auf welcher Seite, und oft auch ohne Absicht.<\/p>\n<p>Hier gibt es einen Quiz. <br>\nIn dem Quiz gibt es verschiedene Situationen. <br>\nDie Frage ist immer: <br>\nGibt es in dieser Situation eine Diskriminierung?<\/p>\n<p>Es gibt f\u00fcr jede Situation verschiedene Antwort-Varianten.<\/p>\n<p>(Die Internet-Seite speichert deine Antworten nicht.)<\/p>\n<\/div><div class=\"fusion-separator fusion-full-width-sep\" style=\"align-self: center;margin-left: auto;margin-right: auto;width:100%;\"><div class=\"fusion-separator-border sep-shadow\" style=\"background:radial-gradient(ellipse at 50% -50% , #e00000 0px, rgba(255, 255, 255, 0) 80%) repeat scroll 0 0 rgba(0, 0, 0, 0);background:-webkit-radial-gradient(ellipse at 50% -50% , #e00000 0px, rgba(255, 255, 255, 0) 80%) repeat scroll 0 0 rgba(0, 0, 0, 0);background:-moz-radial-gradient(ellipse at 50% -50% , #e00000 0px, rgba(255, 255, 255, 0) 80%) repeat scroll 0 0 rgba(0, 0, 0, 0);background:-o-radial-gradient(ellipse at 50% -50% , #e00000 0px, rgba(255, 255, 255, 0) 80%) repeat scroll 0 0 rgba(0, 0, 0, 0);\"><\/div><\/div><div class=\"fusion-text fusion-text-2\"><div id=\"watu_quiz\" class=\"quiz-area\">\n<form action=\"\" method=\"post\" class=\"quiz-form\" id=\"quiz-3\" data-trp-original-action=\"\" >\n<div class='watu-question' id='question-1'><div class='question-content'><p><span class='watu_num'>1. <\/span>Die Menschen in eine Feuerwehr k\u00f6nnen sich gut leiden. <br>\nDeshalb verbringen sie viel Zeit mit-einander.<br>\nSie unternehmen auch viel mit-einander. <br>\nSie gehen zum Beispiel zusammen ins Kino. <br> Eine Frau passt nicht so gut ins Team. <br> Deshalb nehmen sie diese Frau nicht mit ins Kino. <br> \nIst das Diskriminierung?<\/p>\n<\/div><input type='hidden' name='question_id[]' value='14' \/><div class='watu-questions-wrap'><input type='hidden' name='answer_ids[]' class='watu-answer-ids' value='242' \/><div class='watu-question-choice'><input type='radio' name='answer-14[]' id='answer-id-242' class='answer answer-1 php-answer-label answerof-14' value='242' \/>&nbsp;<label for='answer-id-242' id='answer-label-242' class='php-answer-label answer label-1'><span class='answer'>Nein, das ist keine Diskriminierung. <br>\nJeder Mensch kann seine Freunde selbst aussuchen.<\/span><\/label><\/div>\n<input type='hidden' name='answer_ids[]' class='watu-answer-ids' value='243' \/><div class='watu-question-choice'><input type='radio' name='answer-14[]' id='answer-id-243' class='answer answer-1 js-answer-label answerof-14' value='243' \/>&nbsp;<label for='answer-id-243' id='answer-label-243' class='js-answer-label answer label-1'><span class='answer'>Es ist Diskriminierung, <br>\nwenn die Frau von dem Kinobesuch wei\u00df, <br>\naber nicht mit-gehen darf.<\/span><\/label><\/div>\n<input type='hidden' name='answer_ids[]' class='watu-answer-ids' value='244' \/><div class='watu-question-choice'><input type='radio' name='answer-14[]' id='answer-id-244' class='answer answer-1 js-answer-label answerof-14' value='244' \/>&nbsp;<label for='answer-id-244' id='answer-label-244' class='js-answer-label answer label-1'><span class='answer'>Ja, das ist Diskriminierung. <br>\nDas ganze Team geht ins Kino. <br>\nDann muss auch die Frau mit ins Kino gehen k\u00f6nnen. <\/span><\/label><\/div>\n<\/div><input type='hidden' id='questionType1' value='radio' class=''><div class=\"watu-feedback watu-padded\" id=\"watuQuestionFeedback-1\" style=\"display:none;\"><p>So ein Verhalten ist nicht nett. <br>\nAber es ist keine Diskriminierung. <br>\nJeder Mensch darf seine Freunde selbst aussuchen. <br>\nVielleicht es das Verhalten Mobbing. <br>\nMobbing hei\u00dft: <br>\nMan behandelt eine Person oft nicht nett, <br>\nweil man diese Person nicht mag. <br>\nMobbing ist kein gutes Verhalten. <br>\nMan kann die Frau auch besser kennenlernen. <br>\nDie Frau ist vielleicht sehr nett.<\/p>\n<p>Und: <br>\nVielleicht ist die Person wirklich nett. <br> Wenn man die Person besser kennen lernt, <br> kann man das heraus finden.<\/p>\n<\/div><\/div><div class='watu-question' id='question-2'><div class='question-content'><p><span class='watu_num'>2. <\/span>In deiner Feuerwehr gibt es ein neues Mitglied. <br> Das Mitglied ist ein Mann. <br>\nDer Mann lebt mit einem anderen Mann zusammen. <br> Alle anderen M\u00e4nner in der Feuerwehr leben mit einer Frau zusammen. <br> Jetzt machen sie oft Witze \u00fcber das Zusammen-Leben mit einem Mann. <br> Sie meinen das nicht b\u00f6se. <br> Aber sie finden das lustig. <br> \nIst das Diskriminierung?<\/p>\n<\/div><input type='hidden' name='question_id[]' value='12' \/><div class='watu-questions-wrap'><input type='hidden' name='answer_ids[]' class='watu-answer-ids' value='251' \/><div class='watu-question-choice'><input type='radio' name='answer-12[]' id='answer-id-251' class='answer answer-2 js-answer-label answerof-12' value='251' \/>&nbsp;<label for='answer-id-251' id='answer-label-251' class='js-answer-label answer label-2'><span class='answer'>Ja. <br> Das ist Diskriminierung. <\/span><\/label><\/div>\n<input type='hidden' name='answer_ids[]' class='watu-answer-ids' value='252' \/><div class='watu-question-choice'><input type='radio' name='answer-12[]' id='answer-id-252' class='answer answer-2 js-answer-label answerof-12' value='252' \/>&nbsp;<label for='answer-id-252' id='answer-label-252' class='js-answer-label answer label-2'><span class='answer'>Nein.<br> Das ist keine Diskriminierung. <br> Die Feuerwehr macht oft solche Witze. <br> Diese Witze sind manchmal etwas grob. <br> Aber diese Witze sind nicht b\u00f6se gemeint. <br> Das ist bei der Feuerwehr einfach so. <\/span><\/label><\/div>\n<input type='hidden' name='answer_ids[]' class='watu-answer-ids' value='253' \/><div class='watu-question-choice'><input type='radio' name='answer-12[]' id='answer-id-253' class='answer answer-2 php-answer-label answerof-12' value='253' \/>&nbsp;<label for='answer-id-253' id='answer-label-253' class='php-answer-label answer label-2'><span class='answer'>Das kann man nicht klar entscheiden. <br> Das ist in jeder Situation anders. <br> Manchmal ist das ein Spa\u00df unter Freunden. <br> Manchmal kann es auch Diskriminierung sein. <br> Man muss die ganze Situation kennen. <\/span><\/label><\/div>\n<\/div><input type='hidden' id='questionType2' value='radio' class=''><div class=\"watu-feedback watu-padded\" id=\"watuQuestionFeedback-2\" style=\"display:none;\"><p>Das kann man nicht einfach entscheiden. <br> Man muss die Situation kennen.<\/p>\n<p>Ist der Witz ein Schaden f\u00fcr den Mann? <br> Findet das Team den Mann nach dem Witz nicht mehr gut? <br> \nDann ist der Witz Diskriminierung.<\/p>\n<p>Manchmal ist der Witz wirklich lustig gemeint. <br> Es gibt Witze zwischen Freunden. <br> Sie sind manchmal etwas grob. <br> Aber sie sind kein Schaden f\u00fcr den Mann. <br> Man kann das nicht immer einfach entscheiden.<\/p>\n<\/div><\/div><div class='watu-question' id='question-3'><div class='question-content'><p><span class='watu_num'>3. <\/span>Stell dir die folgende Situation vor: <br>\nIn deiner Feuerwehr gibt es Witze \u00fcber den Mann, der mit einem Mann zusammen lebt. <br> \nWas machst du dann?<\/p>\n<\/div><input type='hidden' name='question_id[]' value='13' \/><div class='watu-questions-wrap'><input type='hidden' name='answer_ids[]' class='watu-answer-ids' value='187' \/><div class='watu-question-choice'><input type='radio' name='answer-13[]' id='answer-id-187' class='answer answer-3 js-answer-label answerof-13' value='187' \/>&nbsp;<label for='answer-id-187' id='answer-label-187' class='js-answer-label answer label-3'><span class='answer'>Ich finde das lustig. <br> Ich mache mit. <\/span><\/label><\/div>\n<input type='hidden' name='answer_ids[]' class='watu-answer-ids' value='188' \/><div class='watu-question-choice'><input type='radio' name='answer-13[]' id='answer-id-188' class='answer answer-3 php-answer-label answerof-13' value='188' \/>&nbsp;<label for='answer-id-188' id='answer-label-188' class='php-answer-label answer label-3'><span class='answer'>Ich finde das nicht lustig. <br> Ich m\u00f6chte dem Mann helfen. <\/span><\/label><\/div>\n<input type='hidden' name='answer_ids[]' class='watu-answer-ids' value='189' \/><div class='watu-question-choice'><input type='radio' name='answer-13[]' id='answer-id-189' class='answer answer-3 js-answer-label answerof-13' value='189' \/>&nbsp;<label for='answer-id-189' id='answer-label-189' class='js-answer-label answer label-3'><span class='answer'>Ich mache nichts. <br> Das ist nicht mein Problem. <\/span><\/label><\/div>\n<\/div><input type='hidden' id='questionType3' value='radio' class=''><div class=\"watu-feedback watu-padded\" id=\"watuQuestionFeedback-3\" style=\"display:none;\"><p>Vielleicht ist es wirklich nur ein Spa\u00df. <br> Aber du kannst dem Mann trotzdem helfen. <br> du kannst ihm sagen: <br> Es ist kein Problem, mit welcher Person du zusammen lebst.<\/p>\n<\/div><\/div><div class='watu-question' id='question-4'><div class='question-content'><p><span class='watu_num'>4. <\/span>Welche Aufgaben machen meistens Frauen in deiner Feuerwehr?<\/p>\n<\/div><input type='hidden' name='question_id[]' value='16' \/><div class='watu-questions-wrap'><input type='hidden' name='answer_ids[]' class='watu-answer-ids' value='254' \/><div class='watu-question-choice'><input type='radio' name='answer-16[]' id='answer-id-254' class='answer answer-4 js-answer-label answerof-16' value='254' \/>&nbsp;<label for='answer-id-254' id='answer-label-254' class='js-answer-label answer label-4'><span class='answer'>Manchmal sind auch Kinder bei einem Unfall dabei. <br> Die Frauen k\u00fcmmern sich dann oft um die Kinder. <br> Oder: <br> Eine Person ist sehr aufgeregt bei einem Unfall oder Brand. <br> Dann beruhigen die Frauen die Person oft. <\/span><\/label><\/div>\n<input type='hidden' name='answer_ids[]' class='watu-answer-ids' value='255' \/><div class='watu-question-choice'><input type='radio' name='answer-16[]' id='answer-id-255' class='answer answer-4 php-answer-label answerof-16' value='255' \/>&nbsp;<label for='answer-id-255' id='answer-label-255' class='php-answer-label answer label-4'><span class='answer'>Es gibt keine speziellen Aufgaben f\u00fcr Frauen. <br> Alle Menschen in der Feuerwehr machen alle Aufgaben. <\/span><\/label><\/div>\n<input type='hidden' name='answer_ids[]' class='watu-answer-ids' value='256' \/><div class='watu-question-choice'><input type='radio' name='answer-16[]' id='answer-id-256' class='answer answer-4 js-answer-label answerof-16' value='256' \/>&nbsp;<label for='answer-id-256' id='answer-label-256' class='js-answer-label answer label-4'><span class='answer'>Meistens machen alle Menschen alle Aufgaben. <br> Manchmal machen die M\u00e4nner Aufgaben, f\u00fcr die man viel Kraft braucht. <\/span><\/label><\/div>\n<\/div><input type='hidden' id='questionType4' value='radio' class=''><div class=\"watu-feedback watu-padded\" id=\"watuQuestionFeedback-4\" style=\"display:none;\"><p>Man sagt oft: <br> Alle Menschen k\u00f6nnen Feuerwehr. <br> Das ist richtig. <br> Aber: <br> Oft m\u00fcssen Frauen Aufgaben machen, die M\u00e4nner leicht finden. <br> Sie m\u00fcssen zum Beispiel Essen machen oder auf Kinder aufpassen. <br> Aber: <br> Bei einem Feuerwehr-Einsatz ist das nicht m\u00f6glich. <br> Dann m\u00fcssen alle Menschen jede Aufgabe machen. <br> Deshalb m\u00fcssen auch alle Menschen f\u00fcr alle Aufgaben \u00fcben. <br> Wenn manche Menschen nur f\u00fcr leichtere Aufgaben \u00fcben, <br> haben sie dann nicht so viel \u00dcbung f\u00fcr schwierige Aufgaben.<\/p>\n<\/div><\/div><div class='watu-question' id='question-5'><div class='question-content'><p><span class='watu_num'>5. <\/span>Lies die folgende Situation. <br>Ist das Diskriminierung?<\/p>\n<p>Eine Frau m\u00f6chte Mitglied bei der Feuerwehr werden. <br> Die Frau ist 28 Jahre alt. <br> Die Frau hat zwei kleine Kinder. <br> Die Frau lebt allein mit den Kindern. <br> Sie unterschreibt einen Mitglieds-Antrag bei der Feuerwehr. <br> Dann wird sie in die Feuerwehr eingeladen. <br> Dort gibt es ein Gespr\u00e4ch \u00fcber ihre Zeit-Planung. <br> Die Frage ist: <br> Hat sie genug Zeit f\u00fcr die Feuerwehr?<\/p>\n<\/div><input type='hidden' name='question_id[]' value='10' \/><div class='watu-questions-wrap'><input type='hidden' name='answer_ids[]' class='watu-answer-ids' value='257' \/><div class='watu-question-choice'><input type='radio' name='answer-10[]' id='answer-id-257' class='answer answer-5 js-answer-label answerof-10' value='257' \/>&nbsp;<label for='answer-id-257' id='answer-label-257' class='js-answer-label answer label-5'><span class='answer'>Nein. <br> Das ist keine Diskriminierung. <br> Die Feuerwehr m\u00f6chte das wissen. <br> Das verstehe ich. <\/span><\/label><\/div>\n<input type='hidden' name='answer_ids[]' class='watu-answer-ids' value='258' \/><div class='watu-question-choice'><input type='radio' name='answer-10[]' id='answer-id-258' class='answer answer-5 php-answer-label answerof-10' value='258' \/>&nbsp;<label for='answer-id-258' id='answer-label-258' class='php-answer-label answer label-5'><span class='answer'>Ja. <br> Das ist Diskriminierung. <br> Es m\u00fcssen alle neuen Mitglieder so ein Gespr\u00e4ch machen. <br> Dann ist es keine Diskriminierung. <\/span><\/label><\/div>\n<input type='hidden' name='answer_ids[]' class='watu-answer-ids' value='259' \/><div class='watu-question-choice'><input type='radio' name='answer-10[]' id='answer-id-259' class='answer answer-5 js-answer-label answerof-10' value='259' \/>&nbsp;<label for='answer-id-259' id='answer-label-259' class='js-answer-label answer label-5'><span class='answer'>Das kann man nicht so einfach entscheiden. <br> <\/span><\/label><\/div>\n<\/div><input type='hidden' id='questionType5' value='radio' class=''><div class=\"watu-feedback watu-padded\" id=\"watuQuestionFeedback-5\" style=\"display:none;\"><p>Man kann die Situation gut verstehen. <br> Die Feuerwehr m\u00f6chte wissen: <br> Haben neue Mitglieder genug Zeit. <br> \nAber: <br> Wenn nur eine Person dieses Gespr\u00e4ch machen muss, <br> ist es nicht gerecht. <br> Wenn alle neuen Mitglieder so ein Gespr\u00e4ch machen m\u00fcssen, <br> ist es in Ordnung.<\/p>\n<\/div><\/div><div class='watu-question' id='question-6'><div class='question-content'><p><span class='watu_num'>6. <\/span>In deinem Wohn-Ort gibt es eine neue Familie. <br>Der Vater ist 62 Jahre alt. <br> Er m\u00f6chte Mitglied in der Feuerwehr im Ort werden. <br> Er m\u00f6chte so neue Freuende finden. <br> Aber er muss zuerst die Ausbildung f\u00fcr die Feuerwehr machen. <br> Das braucht viel Zeit. <br> Und man kann nur bei der richtigen Feuerwehr mitmachen bis man 65 Jahre alt ist. <br> Die Feuerwehr sagt deshalb: <br> Der Mann darf bei der Feuerwehr nicht mitmachen. <br> Ist das Diskriminierung?<\/p>\n<\/div><input type='hidden' name='question_id[]' value='11' \/><div class='watu-questions-wrap'><input type='hidden' name='answer_ids[]' class='watu-answer-ids' value='275' \/><div class='watu-question-choice'><input type='radio' name='answer-11[]' id='answer-id-275' class='answer answer-6 js-answer-label answerof-11' value='275' \/>&nbsp;<label for='answer-id-275' id='answer-label-275' class='js-answer-label answer label-6'><span class='answer'>Nein, <br> das ist keine Diskriminierung. <br> Der Mann muss erst die Ausbildung machen. <br> Danach hat er nicht mehr so viel Zeit f\u00fcr die Arbeit in der Feuerwehr. <br> Ich kann die Entscheidung gut verstehen.<\/span><\/label><\/div>\n<input type='hidden' name='answer_ids[]' class='watu-answer-ids' value='276' \/><div class='watu-question-choice'><input type='radio' name='answer-11[]' id='answer-id-276' class='answer answer-6 js-answer-label answerof-11' value='276' \/>&nbsp;<label for='answer-id-276' id='answer-label-276' class='js-answer-label answer label-6'><span class='answer'>Es gibt keine allgemeine Entscheidung. <br> Man muss den Mann kennen. <br> Wenn der Mann sehr fit ist, <br> kann er bei der Feuerwehr mitmachen. <br> Wenn der man nicht sehr fit ist, kann er bei der Feuerwehr nicht mitmachen. <\/span><\/label><\/div>\n<input type='hidden' name='answer_ids[]' class='watu-answer-ids' value='277' \/><div class='watu-question-choice'><input type='radio' name='answer-11[]' id='answer-id-277' class='answer answer-6 php-answer-label answerof-11' value='277' \/>&nbsp;<label for='answer-id-277' id='answer-label-277' class='php-answer-label answer label-6'><span class='answer'>In Sachsen gibt es eine Feuerwehr-Verordnung. <br> Eine Verordnung ist so etwas wie ein Gesetz. <br> Diese Verordnung sagt: <br> Alle Menschen k\u00f6nnen bei der Feuerwehr mitmachen bis sie 65 Jahre alt sind. <br> Deshalb ist es nicht richtig, <br> wenn der Mann nicht mitmachen darf. <\/span><\/label><\/div>\n<\/div><input type='hidden' id='questionType6' value='radio' class=''><div class=\"watu-feedback watu-padded\" id=\"watuQuestionFeedback-6\" style=\"display:none;\"><p>Die Feuerwehr-Verordnung ist eine Art Gesetz f\u00fcr die Feuerwehr. <br> Die Feuerwehr-Verordnung sagt: <br> Jede Person kann bei der Feuerwehr mitmachen. <br> Die Person muss j\u00fcnger als 65 Jahre sein. <br> Wenn eine Person das richtige Alter hat, <br> aber die Person darf nicht mitmachen, <br> dann ist das ungerecht.<\/p>\n<\/div><\/div><div style='display:none' id='question-7'><br \/><div class='question-content'><img decoding=\"async\" src=\"https:\/\/zusammenhalt-feuerwehr.de\/wp-content\/plugins\/watu\/loading.gif\" width=\"16\" height=\"16\" alt=\"Loading ...\" title=\"Loading ...\" \/>&nbsp;Loading &#8230;<\/div><\/div><br \/>\n<input type=\"button\" id=\"show-answer\" value=\"Show Answer\"  \/><br \/>\n<input type=\"button\" name=\"action\" onclick=\"Watu.submitResult()\" id=\"action-button\" value=\"Submit\"  class=\"watu-submit-button\" \/>\n<input type=\"hidden\" name=\"no_ajax\" value=\"0\"><input type=\"hidden\" name=\"quiz_id\" value=\"3\" \/>\n<input type=\"hidden\" id=\"watuStartTime\" name=\"start_time\" value=\"2026-05-13 15:22:21\" \/>\n<input type=\"hidden\" name=\"trp-form-language\" value=\"einfache-sprache\"\/><\/form>\n<\/div>\n<div id=\"watu-loading-result\" style=\"display:none;\">\n\t<p align=\"center\"><img decoding=\"async\" src=\"https:\/\/zusammenhalt-feuerwehr.de\/wp-content\/plugins\/watu\/loading.gif\" width=\"16\" height=\"16\" alt=\"Loading\" title=\"Loading\" \/><\/p>\n<\/div>\t\n<script type=\"text\/javascript\">\nvar exam_id=0;\nvar question_ids='';\nvar watuURL='';\njQuery(function($){\nquestion_ids = \"14,12,13,16,10,11\";\nexam_id = 3;\nWatu.exam_id = exam_id;\nWatu.qArr = question_ids.split(',');\nWatu.post_id = 4546;\nWatu.singlePage = '0';\nWatu.hAppID = \"0.44256800 1778678541\";\nwatuURL = \"https:\/\/zusammenhalt-feuerwehr.de\/wp-admin\/admin-ajax.php\";\nWatu.noAlertUnanswered = 0;\n});\n<\/script>\n<\/div><div class=\"fusion-separator fusion-full-width-sep\" style=\"align-self: center;margin-left: auto;margin-right: auto;width:100%;\"><div class=\"fusion-separator-border sep-shadow\" style=\"background:radial-gradient(ellipse at 50% -50% , #e00000 0px, rgba(255, 255, 255, 0) 80%) repeat scroll 0 0 rgba(0, 0, 0, 0);background:-webkit-radial-gradient(ellipse at 50% -50% , #e00000 0px, rgba(255, 255, 255, 0) 80%) repeat scroll 0 0 rgba(0, 0, 0, 0);background:-moz-radial-gradient(ellipse at 50% -50% , #e00000 0px, rgba(255, 255, 255, 0) 80%) repeat scroll 0 0 rgba(0, 0, 0, 0);background:-o-radial-gradient(ellipse at 50% -50% , #e00000 0px, rgba(255, 255, 255, 0) 80%) repeat scroll 0 0 rgba(0, 0, 0, 0);\"><\/div><\/div><\/div><style type=\"text\/css\">.fusion-body .fusion-builder-column-0{width:100% !important;margin-top : 0px;margin-bottom : 0px;}.fusion-builder-column-0 > .fusion-column-wrapper {padding-top : 0px !important;padding-right : 0px !important;margin-right : 1.92%;padding-bottom : 0px !important;padding-left : 0px !important;margin-left : 1.92%;}@media only screen and (max-width:1024px) {.fusion-body .fusion-builder-column-0{width:100% !important;}.fusion-builder-column-0 > .fusion-column-wrapper {margin-right : 1.92%;margin-left : 1.92%;}}@media only screen and (max-width:640px) {.fusion-body .fusion-builder-column-0{width:100% !important;}.fusion-builder-column-0 > .fusion-column-wrapper {margin-right : 1.92%;margin-left : 1.92%;}}<\/style><\/div><\/div><style type=\"text\/css\">.fusion-body .fusion-flex-container.fusion-builder-row-1{ padding-top : 0px;margin-top : 0px;padding-right : 0px;padding-bottom : 0px;margin-bottom : 0px;padding-left : 0px;}<\/style><\/div>","protected":false},"excerpt":{"rendered":"","protected":false},"author":11,"featured_media":0,"parent":0,"menu_order":0,"comment_status":"closed","ping_status":"closed","template":"","meta":{"footnotes":""},"_links":{"self":[{"href":"https:\/\/zusammenhalt-feuerwehr.de\/einfache-sprache\/wp-json\/wp\/v2\/pages\/4546"}],"collection":[{"href":"https:\/\/zusammenhalt-feuerwehr.de\/einfache-sprache\/wp-json\/wp\/v2\/pages"}],"about":[{"href":"https:\/\/zusammenhalt-feuerwehr.de\/einfache-sprache\/wp-json\/wp\/v2\/types\/page"}],"author":[{"embeddable":true,"href":"https:\/\/zusammenhalt-feuerwehr.de\/einfache-sprache\/wp-json\/wp\/v2\/users\/11"}],"replies":[{"embeddable":true,"href":"https:\/\/zusammenhalt-feuerwehr.de\/einfache-sprache\/wp-json\/wp\/v2\/comments?post=4546"}],"version-history":[{"count":3,"href":"https:\/\/zusammenhalt-feuerwehr.de\/einfache-sprache\/wp-json\/wp\/v2\/pages\/4546\/revisions"}],"predecessor-version":[{"id":5012,"href":"https:\/\/zusammenhalt-feuerwehr.de\/einfache-sprache\/wp-json\/wp\/v2\/pages\/4546\/revisions\/5012"}],"wp:attachment":[{"href":"https:\/\/zusammenhalt-feuerwehr.de\/einfache-sprache\/wp-json\/wp\/v2\/media?parent=4546"}],"curies":[{"name":"wp","href":"https:\/\/api.w.org\/{rel}","templated":true}]}}